{"id":4485,"date":"2017-10-10T12:05:03","date_gmt":"2017-10-10T11:05:03","guid":{"rendered":"https:\/\/angelpavon.com\/?page_id=4485"},"modified":"2023-01-28T21:32:30","modified_gmt":"2023-01-28T20:32:30","slug":"escalera-de-coordinacion","status":"publish","type":"page","link":"https:\/\/angelpavon.com\/index.php\/entrenamientos\/escalera-de-coordinacion\/","title":{"rendered":"Escalera de coordinaci\u00f3n"},"content":{"rendered":"\t\t<div data-elementor-type=\"wp-post\" data-elementor-id=\"4485\" class=\"elementor elementor-4485\" data-elementor-post-type=\"page\">\n\t\t\t\t\t\t<section class=\"has_eae_slider elementor-section elementor-top-section elementor-element elementor-element-4e64254 elementor-section-stretched elementor-section-full_width elementor-section-height-min-height elementor-section-content-top elementor-section-height-default elementor-section-items-middle\" data-eae-slider=\"25516\" data-id=\"4e64254\" data-element_type=\"section\" data-e-type=\"section\" data-settings=\"{&quot;stretch_section&quot;:&quot;section-stretched&quot;}\">\n\t\t\t\t\t\t<div class=\"elementor-container elementor-column-gap-no\">\n\t\t\t\t\t<div class=\"has_eae_slider elementor-column elementor-col-100 elementor-top-column elementor-element elementor-element-2e6a635\" data-eae-slider=\"19000\" data-id=\"2e6a635\" data-element_type=\"column\" data-e-type=\"column\">\n\t\t\t<div class=\"elementor-widget-wrap elementor-element-populated\">\n\t\t\t\t\t\t<div class=\"elementor-element elementor-element-0c0c150 elementor-widget elementor-widget-image\" data-id=\"0c0c150\" data-element_type=\"widget\" data-e-type=\"widget\" data-widget_type=\"image.default\">\n\t\t\t\t<div class=\"elementor-widget-container\">\n\t\t\t\t\t\t\t\t\t\t\t\t\t\t\t<img fetchpriority=\"high\" decoding=\"async\" width=\"2000\" height=\"504\" src=\"https:\/\/angelpavon.com\/wp-content\/uploads\/2017\/11\/portada-1.jpg\" class=\"attachment-full size-full wp-image-5031\" alt=\"\" srcset=\"https:\/\/angelpavon.com\/wp-content\/uploads\/2017\/11\/portada-1.jpg 2000w, https:\/\/angelpavon.com\/wp-content\/uploads\/2017\/11\/portada-1-300x76.jpg 300w, https:\/\/angelpavon.com\/wp-content\/uploads\/2017\/11\/portada-1-768x194.jpg 768w, https:\/\/angelpavon.com\/wp-content\/uploads\/2017\/11\/portada-1-1024x258.jpg 1024w, https:\/\/angelpavon.com\/wp-content\/uploads\/2017\/11\/portada-1-700x176.jpg 700w\" sizes=\"(max-width: 2000px) 100vw, 2000px\" \/>\t\t\t\t\t\t\t\t\t\t\t\t\t\t\t<\/div>\n\t\t\t\t<\/div>\n\t\t\t\t\t<\/div>\n\t\t<\/div>\n\t\t\t\t\t<\/div>\n\t\t<\/section>\n\t\t\t\t<section class=\"has_eae_slider elementor-section elementor-top-section elementor-element elementor-element-68e50f5e elementor-section-boxed elementor-section-height-default elementor-section-height-default\" data-eae-slider=\"42432\" data-id=\"68e50f5e\" data-element_type=\"section\" data-e-type=\"section\">\n\t\t\t\t\t\t<div class=\"elementor-container elementor-column-gap-default\">\n\t\t\t\t\t<div class=\"has_eae_slider elementor-column elementor-col-33 elementor-top-column elementor-element elementor-element-2b1f692d\" data-eae-slider=\"2127\" data-id=\"2b1f692d\" data-element_type=\"column\" data-e-type=\"column\">\n\t\t\t<div class=\"elementor-widget-wrap\">\n\t\t\t\t\t\t\t<\/div>\n\t\t<\/div>\n\t\t\t\t<div class=\"has_eae_slider elementor-column elementor-col-33 elementor-top-column elementor-element elementor-element-8150a46\" data-eae-slider=\"33430\" data-id=\"8150a46\" data-element_type=\"column\" data-e-type=\"column\">\n\t\t\t<div class=\"elementor-widget-wrap elementor-element-populated\">\n\t\t\t\t\t\t<div class=\"elementor-element elementor-element-3473c408 elementor-widget elementor-widget-heading\" data-id=\"3473c408\" data-element_type=\"widget\" data-e-type=\"widget\" data-widget_type=\"heading.default\">\n\t\t\t\t<div class=\"elementor-widget-container\">\n\t\t\t\t\t<h2 class=\"elementor-heading-title elementor-size-default\">ESCALERA DE COORDINACI\u00d3N<\/h2>\t\t\t\t<\/div>\n\t\t\t\t<\/div>\n\t\t\t\t\t<\/div>\n\t\t<\/div>\n\t\t\t\t<div class=\"has_eae_slider elementor-column elementor-col-33 elementor-top-column elementor-element elementor-element-8bda547\" data-eae-slider=\"44222\" data-id=\"8bda547\" data-element_type=\"column\" data-e-type=\"column\">\n\t\t\t<div class=\"elementor-widget-wrap\">\n\t\t\t\t\t\t\t<\/div>\n\t\t<\/div>\n\t\t\t\t\t<\/div>\n\t\t<\/section>\n\t\t\t\t<section class=\"has_eae_slider elementor-section elementor-top-section elementor-element elementor-element-5ed8b564 elementor-section-boxed elementor-section-height-default elementor-section-height-default\" data-eae-slider=\"975\" data-id=\"5ed8b564\" data-element_type=\"section\" data-e-type=\"section\">\n\t\t\t\t\t\t<div class=\"elementor-container elementor-column-gap-default\">\n\t\t\t\t\t<div class=\"has_eae_slider elementor-column elementor-col-100 elementor-top-column elementor-element elementor-element-6c6600cb\" data-eae-slider=\"33525\" data-id=\"6c6600cb\" data-element_type=\"column\" data-e-type=\"column\">\n\t\t\t<div class=\"elementor-widget-wrap elementor-element-populated\">\n\t\t\t\t\t\t<div class=\"elementor-element elementor-element-2804be89 elementor-widget elementor-widget-text-editor\" data-id=\"2804be89\" data-element_type=\"widget\" data-e-type=\"widget\" data-widget_type=\"text-editor.default\">\n\t\t\t\t<div class=\"elementor-widget-container\">\n\t\t\t\t\t\t\t\t\t<p class=\"western\" style=\"text-align: justify;\"><span style=\"font-family: Verdana,serif; font-size: 12pt; color: #ffffff;\">La escalera de coordinaci\u00f3n o agilidad es el aparato m\u00e1s simple y vers\u00e1til que existe ya que ense\u00f1a habilidades b\u00e1sicas desde principiantes hasta atletas profesionales para poder desarrollar una velocidad abrumadora en el juego de pies.<\/span><\/p><p class=\"western\" style=\"text-align: justify;\"><span style=\"font-family: Verdana,serif; font-size: 12pt; color: #ffffff;\">El incremento de la velocidad de pies contribuye a la mejora de la aceleraci\u00f3n y las t\u00e9cnicas de cambio de direcci\u00f3n, mejorando a la vez la coordinaci\u00f3n, el control y el ritmo.<\/span><\/p><p>\u00a0<\/p><p class=\"western\" style=\"text-align: justify;\"><span style=\"font-family: Verdana,serif; font-size: 12pt; color: #ffffff;\">Este material deportivo tan sencillo puede darnos una gran cantidad de beneficios a nivel rendimiento deportivo y una amplia variedad en nuestros entrenamientos dotando al atleta de sesiones muy potentes y explosivas a la vez que aer\u00f3bicas, din\u00e1micas y de alta intensidad para su acondicionamiento.<\/span><\/p><p class=\"western\" style=\"text-align: justify;\"><span style=\"font-family: Verdana,serif; font-size: 12pt; color: #ffffff;\">Introducir este aparato en nuestros entrenamientos como parte del calentamiento, romper\u00e1 nuestra rutina protocolaria sobre la activaci\u00f3n neuro-cardio-muscular de nuestro organismo dando a su vez un toque de diversi\u00f3n en la sesi\u00f3n y m\u00e1xima concentraci\u00f3n, despertando a la vez el inter\u00e9s del deportistas para no caer en la falta de motivaci\u00f3n a la hora de entrenar.<\/span><\/p><p class=\"western\" style=\"text-align: justify;\"><span style=\"font-family: Verdana,serif; font-size: 12pt; color: #ffffff;\">La versatilidad de este aparato no tiene l\u00edmites; f\u00e1cil de transportar ( peso inferior a 1 kg), el uso de dos o m\u00e1s escaleras permite generar varios patrones de movimientos y aumentar la dificultad del ejercicio, podemos utilizarlas en superficies inclinadas para aumentar su dificultad e intensidad, a\u00f1adir la escalera a entrenamientos de diferentes disciplinas deportivas para imitar movimientos espec\u00edficos de cada deporte, etc.<\/span><\/p><p>\u00a0<\/p><p class=\"western\" style=\"text-align: justify;\"><span style=\"font-family: Verdana,serif; font-size: 12pt; color: #ffffff;\">En varios campos de la competici\u00f3n deportiva, se le pide al cuerpo que constantemente realice movimientos con \u00e1ngulos articulares poco usuales; el principal objetivo de la escalera de coordinaci\u00f3n es el de promover un amplio rango de patrones de movimiento, relacionados especialmente con el juego de pies, para que le cuerpo sea capaz de responder con rapidez a los diferentes \u00e1ngulos o posturas requeridos por el deporte que practiquemos.<\/span><\/p>\t\t\t\t\t\t\t\t<\/div>\n\t\t\t\t<\/div>\n\t\t\t\t\t<\/div>\n\t\t<\/div>\n\t\t\t\t\t<\/div>\n\t\t<\/section>\n\t\t\t\t<section class=\"has_eae_slider elementor-section elementor-top-section elementor-element elementor-element-aef6fb4 elementor-section-boxed elementor-section-height-default elementor-section-height-default\" data-eae-slider=\"10351\" data-id=\"aef6fb4\" data-element_type=\"section\" data-e-type=\"section\">\n\t\t\t\t\t\t<div class=\"elementor-container elementor-column-gap-default\">\n\t\t\t\t\t<div class=\"has_eae_slider elementor-column elementor-col-100 elementor-top-column elementor-element elementor-element-ab19219\" data-eae-slider=\"49659\" data-id=\"ab19219\" data-element_type=\"column\" data-e-type=\"column\">\n\t\t\t<div class=\"elementor-widget-wrap elementor-element-populated\">\n\t\t\t\t\t\t<div class=\"elementor-element elementor-element-3571368 elementor-widget elementor-widget-image\" data-id=\"3571368\" data-element_type=\"widget\" data-e-type=\"widget\" data-widget_type=\"image.default\">\n\t\t\t\t<div class=\"elementor-widget-container\">\n\t\t\t\t\t\t\t\t\t\t\t\t\t\t\t<img decoding=\"async\" width=\"2000\" height=\"742\" src=\"https:\/\/angelpavon.com\/wp-content\/uploads\/2017\/11\/FOTO-TEXTO2.jpg\" class=\"attachment-full size-full wp-image-5036\" alt=\"\" srcset=\"https:\/\/angelpavon.com\/wp-content\/uploads\/2017\/11\/FOTO-TEXTO2.jpg 2000w, https:\/\/angelpavon.com\/wp-content\/uploads\/2017\/11\/FOTO-TEXTO2-300x111.jpg 300w, https:\/\/angelpavon.com\/wp-content\/uploads\/2017\/11\/FOTO-TEXTO2-768x285.jpg 768w, https:\/\/angelpavon.com\/wp-content\/uploads\/2017\/11\/FOTO-TEXTO2-1024x380.jpg 1024w, https:\/\/angelpavon.com\/wp-content\/uploads\/2017\/11\/FOTO-TEXTO2-700x260.jpg 700w\" sizes=\"(max-width: 2000px) 100vw, 2000px\" \/>\t\t\t\t\t\t\t\t\t\t\t\t\t\t\t<\/div>\n\t\t\t\t<\/div>\n\t\t\t\t\t<\/div>\n\t\t<\/div>\n\t\t\t\t\t<\/div>\n\t\t<\/section>\n\t\t\t\t<section class=\"has_eae_slider elementor-section elementor-top-section elementor-element elementor-element-00d90cd elementor-section-boxed elementor-section-height-default elementor-section-height-default\" data-eae-slider=\"56139\" data-id=\"00d90cd\" data-element_type=\"section\" data-e-type=\"section\">\n\t\t\t\t\t\t<div class=\"elementor-container elementor-column-gap-default\">\n\t\t\t\t\t<div class=\"has_eae_slider elementor-column elementor-col-100 elementor-top-column elementor-element elementor-element-4853acd\" data-eae-slider=\"20423\" data-id=\"4853acd\" data-element_type=\"column\" data-e-type=\"column\">\n\t\t\t<div class=\"elementor-widget-wrap elementor-element-populated\">\n\t\t\t\t\t\t<div class=\"elementor-element elementor-element-4c328c8 elementor-widget elementor-widget-text-editor\" data-id=\"4c328c8\" data-element_type=\"widget\" data-e-type=\"widget\" data-widget_type=\"text-editor.default\">\n\t\t\t\t<div class=\"elementor-widget-container\">\n\t\t\t\t\t\t\t\t\t<p class=\"western\" style=\"text-align: justify;\"><span style=\"font-family: Verdana, serif; font-size: 12pt; color: #ffffff;\">As\u00ed que la escalera ser\u00e1 una gran herramienta a la hora de incorporar un programa completo para el desarrollo de la agilidad por su infinidad de ejercicios y variantes, o como parte de nuestro calentamiento, de menor a mayor intensidad, para que nos de acceso a la parte principal de la sesi\u00f3n de entrenamiento como pueda ser carrera, entrenamiento de fuerza, etc.<\/span><\/p><p class=\"western\" style=\"text-align: justify;\"><span style=\"font-family: Verdana, serif; font-size: 12pt; color: #ffffff;\">La escalera de coordinaci\u00f3n es como todo: cuanto m\u00e1s entrenes m\u00e1s mejorar\u00e1s en la ejecuci\u00f3n de los ejercicios, pero no olvides que a mayor velocidad en los ejercicios, no significa que tengamos un gran nivel de coordinaci\u00f3n ya que hay deportistas que asimilar\u00e1n y dominar\u00e1n los ejercicios en m\u00e1s o menos tiempo que otros&#8230;es s\u00f3lo cuesti\u00f3n de entrenar. <\/span><\/p><p>\u00a0<\/p><p class=\"western\" style=\"text-align: left;\"><span style=\"font-family: Verdana, serif; font-size: 14pt; color: #db7f00;\"><b>BENEFICIOS EN LOS ENTRENAMIENTOS<\/b><\/span><\/p><p>\u00a0<\/p><p class=\"western\" style=\"text-align: justify; padding-left: 30px;\"><span style=\"font-family: Verdana, serif; font-size: 12pt; color: #ffffff;\">&#8211; Agilidad y coordinaci\u00f3n.<\/span><\/p><p class=\"western\" style=\"text-align: justify; padding-left: 30px;\"><span style=\"font-family: Verdana, serif; font-size: 12pt; color: #ffffff;\">&#8211; Fuerza y velocidad.<\/span><\/p><p class=\"western\" style=\"text-align: justify; padding-left: 30px;\"><span style=\"font-family: Verdana, serif; font-size: 12pt; color: #ffffff;\">&#8211; Equilibrio, control y ritmo.<\/span><\/p><p class=\"western\" style=\"text-align: justify; padding-left: 30px;\"><span style=\"font-family: Verdana, serif; font-size: 12pt; color: #ffffff;\">&#8211; Concentraci\u00f3n y motivaci\u00f3n.<\/span><\/p><p class=\"western\" style=\"text-align: justify; padding-left: 30px;\"><span style=\"font-family: Verdana, serif; font-size: 12pt; color: #ffffff;\">&#8211; Mayor intensidad y din\u00e1mica.<\/span><\/p><p class=\"western\" style=\"text-align: justify; padding-left: 30px;\"><span style=\"font-family: Verdana, serif; font-size: 12pt; color: #ffffff;\">&#8211; Aumento de la frecuencia card\u00edaca.<\/span><\/p><p class=\"western\" style=\"text-align: justify; padding-left: 30px;\"><span style=\"font-family: Verdana, serif; font-size: 12pt; color: #ffffff;\">&#8211; Fortalecimiento articular.<\/span><\/p><p class=\"western\" style=\"text-align: justify; padding-left: 30px;\"><span style=\"font-family: Verdana, serif; font-size: 12pt; color: #ffffff;\">&#8211; etc.<\/span><\/p><p>\u00a0<\/p><p style=\"text-align: left;\"><span style=\"font-family: verdana, geneva, sans-serif; font-size: 14pt; color: #db7f00;\"><strong>CONCLUSIONES FINALES<\/strong><\/span><\/p><p>\u00a0<\/p><p style=\"text-align: justify;\"><span style=\"font-family: verdana, geneva, sans-serif; font-size: 12pt; color: #ffffff;\">F\u00e1cil de llevar a cualquier lugar y sobre todo nos asegura realizar un entrenamiento muy divertido a la vez que eficaz&#8230;mejora la velocidad, la coordinaci\u00f3n y agilidad, poder desplazarnos m\u00e1s r\u00e1pido en m\u00faltiples direcciones que nos permitir\u00e1 llevarlos a la pr\u00e1ctica en las competiciones.<\/span><\/p><p style=\"text-align: justify;\"><span style=\"font-family: verdana, geneva, sans-serif; font-size: 12pt; color: #ffffff;\">No podemos centrarnos \u00fanicamente en que este tipo de trabajo va enfocado al juego y movilidad de pies, ya que introducir la escalera, por ejemplo, en nuestros calentamientos, es una manera de sacar el mayor rendimiento posible a este material deportivo y aportar a nuestras sesiones de entrenamiento algo novedoso y motivador.<\/span><\/p>\t\t\t\t\t\t\t\t<\/div>\n\t\t\t\t<\/div>\n\t\t\t\t\t<\/div>\n\t\t<\/div>\n\t\t\t\t\t<\/div>\n\t\t<\/section>\n\t\t\t\t<section class=\"has_eae_slider elementor-section elementor-top-section elementor-element elementor-element-b93fb36 elementor-section-boxed elementor-section-height-default elementor-section-height-default\" data-eae-slider=\"53754\" data-id=\"b93fb36\" data-element_type=\"section\" data-e-type=\"section\">\n\t\t\t\t\t\t<div class=\"elementor-container elementor-column-gap-default\">\n\t\t\t\t\t<div class=\"has_eae_slider elementor-column elementor-col-100 elementor-top-column elementor-element elementor-element-cbd3073\" data-eae-slider=\"27858\" data-id=\"cbd3073\" data-element_type=\"column\" data-e-type=\"column\">\n\t\t\t<div class=\"elementor-widget-wrap elementor-element-populated\">\n\t\t\t\t\t\t<div class=\"elementor-element elementor-element-66a313b elementor-widget elementor-widget-video\" data-id=\"66a313b\" data-element_type=\"widget\" data-e-type=\"widget\" data-settings=\"{&quot;youtube_url&quot;:&quot;https:\\\/\\\/www.youtube.com\\\/watch?v=i6eTJjYLzEY&amp;t=39s&quot;,&quot;video_type&quot;:&quot;youtube&quot;,&quot;controls&quot;:&quot;yes&quot;}\" data-widget_type=\"video.default\">\n\t\t\t\t<div class=\"elementor-widget-container\">\n\t\t\t\t\t\t\t<div class=\"elementor-wrapper elementor-open-inline\">\n\t\t\t<div class=\"elementor-video\"><\/div>\t\t<\/div>\n\t\t\t\t\t\t<\/div>\n\t\t\t\t<\/div>\n\t\t\t\t\t<\/div>\n\t\t<\/div>\n\t\t\t\t\t<\/div>\n\t\t<\/section>\n\t\t\t\t<section class=\"has_eae_slider elementor-section elementor-top-section elementor-element elementor-element-b9d6430 elementor-section-boxed elementor-section-height-default elementor-section-height-default\" data-eae-slider=\"37041\" data-id=\"b9d6430\" data-element_type=\"section\" data-e-type=\"section\">\n\t\t\t\t\t\t<div class=\"elementor-container elementor-column-gap-default\">\n\t\t\t\t\t<div class=\"has_eae_slider elementor-column elementor-col-100 elementor-top-column elementor-element elementor-element-193bae5\" data-eae-slider=\"74218\" data-id=\"193bae5\" data-element_type=\"column\" data-e-type=\"column\">\n\t\t\t<div class=\"elementor-widget-wrap elementor-element-populated\">\n\t\t\t\t\t\t<div class=\"elementor-element elementor-element-2b84e6a elementor-widget elementor-widget-wp-widget-ssba_widget\" data-id=\"2b84e6a\" data-element_type=\"widget\" data-e-type=\"widget\" data-widget_type=\"wp-widget-ssba_widget.default\">\n\t\t\t\t<div class=\"elementor-widget-container\">\n\t\t\t\t\t<h5>Comparte<\/h5><!-- Simple Share Buttons Adder (8.5.4) simplesharebuttons.com --><div class=\"ssba-modern-2 ssba ssbp-wrap alignleft ssbp--theme-1\"><div style=\"text-align:left\"><ul class=\"ssbp-list\"><li class='ssbp-li--google'><a data-site=\"google\" class=\"ssba_google_share ssba_share_link ssbp-google ssbp-btn\" href=\"\"  target=_blank  style=\"color:; background-color: ; height: 48px; width: 48px; \" ><span><\/span><span class=\"color-icon\"><\/span><div title=\"Google\" class=\"ssbp-text\">Google<\/div><\/a><\/li><li class='ssbp-li--facebook'><a data-site=\"facebook\" class=\"ssba_facebook_share ssba_share_link ssbp-facebook ssbp-btn\" href=\"https:\/\/www.facebook.com\/sharer.php?t=Escalera de coordinaci\u00f3n&u=https:\/\/angelpavon.com\/index.php\/wp-json\/wp\/v2\/pages\/4485\"  target=_blank  style=\"color:#4267B2; background-color: #4267B2; height: 48px; width: 48px; \" ><span><svg xmlns=\"http:\/\/www.w3.org\/2000\/svg\" fill=\"#fff\" preserveAspectRatio=\"xMidYMid meet\" height=\"1em\" width=\"1em\" viewBox=\"0 0 40 40\">\n  <g>\n    <path d=\"m21.7 16.7h5v5h-5v11.6h-5v-11.6h-5v-5h5v-2.1c0-2 0.6-4.5 1.8-5.9 1.3-1.3 2.8-2 4.7-2h3.5v5h-3.5c-0.9 0-1.5 0.6-1.5 1.5v3.5z\"><\/path>\n  <\/g>\n<\/svg>\n\n<\/span><span class=\"color-icon\"><svg xmlns=\"http:\/\/www.w3.org\/2000\/svg\" width=\"16\" height=\"28\" viewBox=\"0 0 16 28\">\n  <path fill=\"#3B5998\" d=\"M10.7,10.7 L15.7,10.7 L15.7,15.7 L10.7,15.7 L10.7,27.3 L5.7,27.3 L5.7,15.7 L0.7,15.7 L0.7,10.7 L5.7,10.7 L5.7,8.6 C5.7,6.6 6.3,4.1 7.5,2.7 C8.8,1.4 10.3,0.7 12.2,0.7 L15.7,0.7 L15.7,5.7 L12.2,5.7 C11.3,5.7 10.7,6.3 10.7,7.2 L10.7,10.7 Z\"\/>\n<\/svg>\n<\/span><div title=\"Facebook\" class=\"ssbp-text\">Facebook<\/div><\/a><\/li><li class='ssbp-li--linkedin'><a data-site=\"linkedin\" class=\"ssba_linkedin_share ssba_share_link ssbp-linkedin ssbp-btn\" href=\"https:\/\/www.linkedin.com\/shareArticle?title=Escalera de coordinaci\u00f3n&url=https:\/\/angelpavon.com\/index.php\/wp-json\/wp\/v2\/pages\/4485\"  target=_blank  style=\"color:#0077b5; background-color: #0077b5; height: 48px; width: 48px; \" ><span><svg xmlns=\"http:\/\/www.w3.org\/2000\/svg\" fill=\"#fff\" preserveAspectRatio=\"xMidYMid meet\" height=\"1em\" width=\"1em\" viewBox=\"0 0 40 40\">\n  <g>\n    <path d=\"m13.3 31.7h-5v-16.7h5v16.7z m18.4 0h-5v-8.9c0-2.4-0.9-3.5-2.5-3.5-1.3 0-2.1 0.6-2.5 1.9v10.5h-5s0-15 0-16.7h3.9l0.3 3.3h0.1c1-1.6 2.7-2.8 4.9-2.8 1.7 0 3.1 0.5 4.2 1.7 1 1.2 1.6 2.8 1.6 5.1v9.4z m-18.3-20.9c0 1.4-1.1 2.5-2.6 2.5s-2.5-1.1-2.5-2.5 1.1-2.5 2.5-2.5 2.6 1.2 2.6 2.5z\"><\/path>\n  <\/g>\n<\/svg>\n\n<\/span><span class=\"color-icon\"><svg xmlns=\"http:\/\/www.w3.org\/2000\/svg\" xmlns:xlink=\"http:\/\/www.w3.org\/1999\/xlink\" width=\"50px\" height=\"50px\" viewBox=\"0 0 50 50\" version=\"1.1\">\n<g id=\"surface97807\">\n<path style=\" stroke:none;fill-rule:nonzero;fill:rgb(0%,46.666667%,70.980392%);fill-opacity:1;\" d=\"M 8 3.007812 C 4.53125 3.007812 2.007812 5.089844 2.007812 7.949219 C 2.007812 10.820312 4.589844 12.988281 8 12.988281 C 11.46875 12.988281 13.988281 10.871094 13.988281 7.890625 C 13.832031 5.019531 11.359375 3.007812 8 3.007812 Z M 3 15 C 2.449219 15 2 15.449219 2 16 L 2 45 C 2 45.550781 2.449219 46 3 46 L 13 46 C 13.550781 46 14 45.550781 14 45 L 14 16 C 14 15.449219 13.550781 15 13 15 Z M 18 15 C 17.449219 15 17 15.449219 17 16 L 17 45 C 17 45.550781 17.449219 46 18 46 L 27 46 C 27.550781 46 28 45.550781 28 45 L 28 29.5 C 28 27.128906 29.820312 25.199219 32.140625 25.019531 C 32.261719 25 32.378906 25 32.5 25 C 32.621094 25 32.738281 25 32.859375 25.019531 C 35.179688 25.199219 37 27.128906 37 29.5 L 37 45 C 37 45.550781 37.449219 46 38 46 L 47 46 C 47.550781 46 48 45.550781 48 45 L 48 28 C 48 21.53125 44.527344 15 36.789062 15 C 33.269531 15 30.609375 16.359375 29 17.488281 L 29 16 C 29 15.449219 28.550781 15 28 15 Z M 18 15 \"\/>\n<\/g>\n<\/svg>\n<\/span><div title=\"Linkedin\" class=\"ssbp-text\">Linkedin<\/div><\/a><\/li><li class='ssbp-li--whatsapp'><a data-site=\"whatsapp\" class=\"ssba_whatsapp_share ssba_share_link ssbp-whatsapp ssbp-btn\" href=\"https:\/\/web.whatsapp.com\/send?text=https:\/\/angelpavon.com\/index.php\/wp-json\/wp\/v2\/pages\/4485\"  target=_blank  style=\"color:#25d366; background-color: #25d366; height: 48px; width: 48px; \" ><span><svg xmlns=\"http:\/\/www.w3.org\/2000\/svg\" fill=\"#fff\" preserveAspectRatio=\"xMidYMid meet\" height=\"1em\" width=\"1em\" viewBox=\"0 0 40 40\">\n  <g>\n    <path d=\"m25 21.7q0.3 0 2.2 1t2 1.2q0 0.1 0 0.3 0 0.8-0.4 1.7-0.3 0.9-1.6 1.5t-2.2 0.6q-1.3 0-4.3-1.4-2.2-1-3.8-2.6t-3.3-4.2q-1.6-2.3-1.6-4.3v-0.2q0.1-2 1.7-3.5 0.5-0.5 1.2-0.5 0.1 0 0.4 0t0.4 0.1q0.4 0 0.6 0.1t0.3 0.6q0.2 0.5 0.8 2t0.5 1.7q0 0.5-0.8 1.3t-0.7 1q0 0.2 0.1 0.3 0.7 1.7 2.3 3.1 1.2 1.2 3.3 2.2 0.3 0.2 0.5 0.2 0.4 0 1.2-1.1t1.2-1.1z m-4.5 11.9q2.8 0 5.4-1.1t4.5-3 3-4.5 1.1-5.4-1.1-5.5-3-4.5-4.5-2.9-5.4-1.2-5.5 1.2-4.5 2.9-2.9 4.5-1.2 5.5q0 4.5 2.7 8.2l-1.7 5.2 5.4-1.8q3.5 2.4 7.7 2.4z m0-30.9q3.4 0 6.5 1.4t5.4 3.6 3.5 5.3 1.4 6.6-1.4 6.5-3.5 5.3-5.4 3.6-6.5 1.4q-4.4 0-8.2-2.1l-9.3 3 3-9.1q-2.4-3.9-2.4-8.6 0-3.5 1.4-6.6t3.6-5.3 5.3-3.6 6.6-1.4z\"><\/path>\n  <\/g>\n<\/svg>\n\n<\/span><span class=\"color-icon\"><svg xmlns=\"http:\/\/www.w3.org\/2000\/svg\" width=\"35\" height=\"36\" viewBox=\"0 0 35 36\">\n  <path fill=\"#25D366\" d=\"M22,19.7 C22.2,19.7 22.9333333,20.0333333 24.2,20.7 C25.4666667,21.3666667 26.1333333,21.7666667 26.2,21.9 C26.2,21.9666667 26.2,22.0666667 26.2,22.2 C26.2,22.7333333 26.0666667,23.3 25.8,23.9 C25.6,24.5 25.0666667,25 24.2,25.4 C23.3333333,25.8 22.6,26 22,26 C21.1333333,26 19.7,25.5333333 17.7,24.6 C16.2333333,23.9333333 14.9666667,23.0666667 13.9,22 C12.8333333,20.9333333 11.7333333,19.5333333 10.6,17.8 C9.53333333,16.2666667 9,14.8333333 9,13.5 L9,13.3 C9.06666667,11.9666667 9.63333333,10.8 10.7,9.8 C11.0333333,9.46666667 11.4333333,9.3 11.9,9.3 C11.9666667,9.3 12.1,9.3 12.3,9.3 C12.5,9.3 12.6333333,9.33333333 12.7,9.4 C12.9666667,9.4 13.1666667,9.43333333 13.3,9.5 C13.4333333,9.56666667 13.5333333,9.76666667 13.6,10.1 C13.7333333,10.4333333 14,11.1 14.4,12.1 C14.8,13.1 14.9666667,13.6666667 14.9,13.8 C14.9,14.1333333 14.6333333,14.5666667 14.1,15.1 C13.5666667,15.6333333 13.3333333,15.9666667 13.4,16.1 C13.4,16.2333333 13.4333333,16.3333333 13.5,16.4 C13.9666667,17.5333333 14.7333333,18.5666667 15.8,19.5 C16.6,20.3 17.7,21.0333333 19.1,21.7 C19.3,21.8333333 19.4666667,21.9 19.6,21.9 C19.8666667,21.9 20.2666667,21.5333333 20.8,20.8 C21.3333333,20.0666667 21.7333333,19.7 22,19.7 Z M17.5,31.6 C19.3666667,31.6 21.1666667,31.2333333 22.9,30.5 C24.6333333,29.7666667 26.1333333,28.7666667 27.4,27.5 C28.6666667,26.2333333 29.6666667,24.7333333 30.4,23 C31.1333333,21.2666667 31.5,19.4666667 31.5,17.6 C31.5,15.7333333 31.1333333,13.9 30.4,12.1 C29.6666667,10.3 28.6666667,8.8 27.4,7.6 C26.1333333,6.4 24.6333333,5.43333333 22.9,4.7 C21.1666667,3.96666667 19.3666667,3.56666667 17.5,3.5 C15.6333333,3.43333333 13.8,3.83333333 12,4.7 C10.2,5.56666667 8.7,6.53333333 7.5,7.6 C6.3,8.66666667 5.33333333,10.1666667 4.6,12.1 C3.86666667,14.0333333 3.46666667,15.8666667 3.4,17.6 C3.4,20.6 4.3,23.3333333 6.1,25.8 L4.4,31 L9.8,29.2 C12.1333333,30.8 14.7,31.6 17.5,31.6 Z M17.5,0.7 C19.7666667,0.7 21.9333333,1.16666667 24,2.1 C26.0666667,3.03333333 27.8666667,4.23333333 29.4,5.7 C30.9333333,7.16666667 32.1,8.93333333 32.9,11 C33.7,13.0666667 34.1666667,15.2666667 34.3,17.6 C34.4333333,19.9333333 33.9666667,22.1 32.9,24.1 C31.8333333,26.1 30.6666667,27.8666667 29.4,29.4 C28.1333333,30.9333333 26.3333333,32.1333333 24,33 C21.6666667,33.8666667 19.5,34.3333333 17.5,34.4 C14.5666667,34.4 11.8333333,33.7 9.3,32.3 L0,35.3 L3,26.2 C1.4,23.6 0.6,20.7333333 0.6,17.6 C0.6,15.2666667 1.06666667,13.0666667 2,11 C2.93333333,8.93333333 4.13333333,7.16666667 5.6,5.7 C7.06666667,4.23333333 8.83333333,3.03333333 10.9,2.1 C12.9666667,1.16666667 15.1666667,0.7 17.5,0.7 Z\"\/>\n<\/svg>\n<\/span><div title=\"Whatsapp\" class=\"ssbp-text\">Whatsapp<\/div><\/a><\/li><\/ul><\/div><\/div>\t\t\t\t<\/div>\n\t\t\t\t<\/div>\n\t\t\t\t\t<\/div>\n\t\t<\/div>\n\t\t\t\t\t<\/div>\n\t\t<\/section>\n\t\t\t\t<\/div>\n\t\t","protected":false},"excerpt":{"rendered":"<p>ESCALERA DE COORDINACI\u00d3N La escalera de coordinaci\u00f3n o agilidad es el aparato m\u00e1s simple y vers\u00e1til que existe ya que ense\u00f1a habilidades b\u00e1sicas desde principiantes hasta atletas profesionales para poder desarrollar una velocidad abrumadora en el juego de pies. El incremento de la velocidad de&#8230;<\/p>\n","protected":false},"author":1,"featured_media":0,"parent":4524,"menu_order":0,"comment_status":"closed","ping_status":"closed","template":"","meta":{"footnotes":""},"class_list":["post-4485","page","type-page","status-publish","hentry"],"_links":{"self":[{"href":"https:\/\/angelpavon.com\/index.php\/wp-json\/wp\/v2\/pages\/4485","targetHints":{"allow":["GET"]}}],"collection":[{"href":"https:\/\/angelpavon.com\/index.php\/wp-json\/wp\/v2\/pages"}],"about":[{"href":"https:\/\/angelpavon.com\/index.php\/wp-json\/wp\/v2\/types\/page"}],"author":[{"embeddable":true,"href":"https:\/\/angelpavon.com\/index.php\/wp-json\/wp\/v2\/users\/1"}],"replies":[{"embeddable":true,"href":"https:\/\/angelpavon.com\/index.php\/wp-json\/wp\/v2\/comments?post=4485"}],"version-history":[{"count":3,"href":"https:\/\/angelpavon.com\/index.php\/wp-json\/wp\/v2\/pages\/4485\/revisions"}],"predecessor-version":[{"id":12901,"href":"https:\/\/angelpavon.com\/index.php\/wp-json\/wp\/v2\/pages\/4485\/revisions\/12901"}],"up":[{"embeddable":true,"href":"https:\/\/angelpavon.com\/index.php\/wp-json\/wp\/v2\/pages\/4524"}],"wp:attachment":[{"href":"https:\/\/angelpavon.com\/index.php\/wp-json\/wp\/v2\/media?parent=4485"}],"curies":[{"name":"wp","href":"https:\/\/api.w.org\/{rel}","templated":true}]}}